{"id":511,"date":"2019-11-15T20:28:42","date_gmt":"2019-11-15T20:28:42","guid":{"rendered":"http:\/\/andlauer.jkmprojects.com\/?page_id=511"},"modified":"2019-11-22T16:02:01","modified_gmt":"2019-11-22T16:02:01","slug":"privacy-policy","status":"publish","type":"page","link":"https:\/\/andlauerhealthcare.com\/fr\/privacy-policy\/","title":{"rendered":"Politique de protection de la vie priv\u00e9e"},"content":{"rendered":"\t\t<div data-elementor-type=\"wp-page\" data-elementor-id=\"511\" class=\"elementor elementor-511 elementor-3\" data-elementor-post-type=\"page\">\n\t\t\t\t\t\t<section class=\"elementor-section elementor-top-section elementor-element elementor-element-625513ac privacypolicy elementor-section-boxed elementor-section-height-default elementor-section-height-default\" data-id=\"625513ac\" data-element_type=\"section\">\n\t\t\t\t\t\t<div class=\"elementor-container elementor-column-gap-default\">\n\t\t\t\t\t<div class=\"elementor-column elementor-col-100 elementor-top-column elementor-element elementor-element-5626e901 container\" data-id=\"5626e901\" data-element_type=\"column\">\n\t\t\t<div class=\"elementor-widget-wrap elementor-element-populated\">\n\t\t\t\t\t\t<div class=\"elementor-element elementor-element-0a6478f elementor-widget elementor-widget-heading\" data-id=\"0a6478f\" data-element_type=\"widget\" data-widget_type=\"heading.default\">\n\t\t\t\t<div class=\"elementor-widget-container\">\n\t\t\t\t\t<h1 class=\"elementor-heading-title elementor-size-default\">Politique de protection de la vie priv\u00e9e<\/h1>\t\t\t\t<\/div>\n\t\t\t\t<\/div>\n\t\t\t\t<div class=\"elementor-element elementor-element-a18c23f elementor-widget elementor-widget-heading\" data-id=\"a18c23f\" data-element_type=\"widget\" data-widget_type=\"heading.default\">\n\t\t\t\t<div class=\"elementor-widget-container\">\n\t\t\t\t\t<h2 class=\"elementor-heading-title elementor-size-default\">Andlauer prot\u00e8ge vos renseignements personnels<\/h2>\t\t\t\t<\/div>\n\t\t\t\t<\/div>\n\t\t\t\t<div class=\"elementor-element elementor-element-2539efa elementor-widget elementor-widget-text-editor\" data-id=\"2539efa\" data-element_type=\"widget\" data-widget_type=\"text-editor.default\">\n\t\t\t\t<div class=\"elementor-widget-container\">\n\t\t\t\t\t\t\t\t\t<p class=\"p1\"><span class=\"s1\">Derni\u00e8re mise \u00e0 jour : 16 octobre 2019<\/span><\/p>\n\t\t\t\t\t\t\t\t<\/div>\n\t\t\t\t<\/div>\n\t\t\t\t<div class=\"elementor-element elementor-element-468d998 elementor-widget elementor-widget-heading\" data-id=\"468d998\" data-element_type=\"widget\" data-widget_type=\"heading.default\">\n\t\t\t\t<div class=\"elementor-widget-container\">\n\t\t\t\t\t<h3 class=\"elementor-heading-title elementor-size-default\">Notre politique<\/h3>\t\t\t\t<\/div>\n\t\t\t\t<\/div>\n\t\t\t\t<div class=\"elementor-element elementor-element-03204ac elementor-widget elementor-widget-text-editor\" data-id=\"03204ac\" data-element_type=\"widget\" data-widget_type=\"text-editor.default\">\n\t\t\t\t<div class=\"elementor-widget-container\">\n\t\t\t\t\t\t\t\t\t<p class=\"p1\"><span class=\"s1\">Groupe Sant\u00e9 Andlauer (\u00ab\u2009Andlauer\u2009\u00bb, \u00ab\u2009nous\u2009\u00bb, ou \u00ab\u2009nos\/notre\u2009\u00bb) s\u2019engage \u00e0 prot\u00e9ger la confidentialit\u00e9 et la s\u00e9curit\u00e9 de vos renseignements personnels. Andlauer ne recueille g\u00e9n\u00e9ralement pas de renseignements personnels (\u00e0 savoir des enseignements concernant un individu identifiable) dans le cours normal de ses activit\u00e9s. Pour que vous puissiez b\u00e9n\u00e9ficier de nos services, nous recueillons des coordonn\u00e9es d\u2019affaires, notamment le nom, le titre ou la fonction ainsi que l\u2019adresse commerciale des destinataires de nos envois, et ce, apr\u00e8s avoir obtenu leur consentement \u00e9clair\u00e9. Bien que de telles coordonn\u00e9es d\u2019affaires ne soient g\u00e9n\u00e9ralement pas soumises aux lois visant la protection de la vie priv\u00e9e dans le secteur priv\u00e9, Andlauer s\u2019efforce de garder cette information confidentielle. Si, \u00e0 l\u2019avenir, Andlauer avait besoin de recueillir des renseignements personnels au sujet de ses clients, alors Andlauer se conformerait aux lois applicables sur la protection des renseignements personnels en ce qui concerne la collecte, l\u2019utilisation, la divulgation et la protection de ces renseignements et nous r\u00e9viserons cette politique de protection de la vie priv\u00e9e, le cas \u00e9ch\u00e9ant.<\/span><\/p>\t\t\t\t\t\t\t\t<\/div>\n\t\t\t\t<\/div>\n\t\t\t\t<div class=\"elementor-element elementor-element-1d1b7a7 elementor-widget elementor-widget-heading\" data-id=\"1d1b7a7\" data-element_type=\"widget\" data-widget_type=\"heading.default\">\n\t\t\t\t<div class=\"elementor-widget-container\">\n\t\t\t\t\t<h3 class=\"elementor-heading-title elementor-size-default\">Comment prot\u00e9geons-nous vos renseignements personnels?<\/h3>\t\t\t\t<\/div>\n\t\t\t\t<\/div>\n\t\t\t\t<div class=\"elementor-element elementor-element-45877ab elementor-widget elementor-widget-text-editor\" data-id=\"45877ab\" data-element_type=\"widget\" data-widget_type=\"text-editor.default\">\n\t\t\t\t<div class=\"elementor-widget-container\">\n\t\t\t\t\t\t\t\t\t<p class=\"p1\"><span class=\"s1\">Nous nous assurons que nos standards \u00e9lev\u00e9s de s\u00e9curit\u00e9 et de confidentialit\u00e9 sont respect\u00e9s pour toute communication et toute transaction en ligne avec nos clients. <\/span><\/p>\n<p class=\"p1\"><span class=\"s1\">Nous prenons toutes les mesures raisonnables pour prot\u00e9ger vos renseignements contre l\u2019acc\u00e8s, l\u2019utilisation, la divulgation, la reproduction, ou la modification non autoris\u00e9s. Ces mesures, qui peuvent \u00e9voluer au fur et \u00e0 mesure qu\u2019avancent la disponibilit\u00e9 et l\u2019efficacit\u00e9 des diverses m\u00e9thodes, comprennent des dispositifs de protection physiques, organisationnels et technologiques.<\/span><\/p>\n<p class=\"p1\"><span class=\"s1\">Nous exigeons que les entreprises qui font affaire avec Andlauer obtiennent des comptes utilisateurs et des mots de passe pour acc\u00e9der aux renseignements ayant trait \u00e0 des envois particuliers sur notre site Web. En outre, le r\u00e9seau et les syst\u00e8mes informatiques de Andlauer sont soumis \u00e0 des examens p\u00e9riodiques men\u00e9s par des experts en s\u00e9curit\u00e9 provenant de tierces parties.<\/span><\/p>\n<p class=\"p1\"><span class=\"s1\">Bien que Andlauer utilise une technologie avanc\u00e9e de cryptage lors des contacts avec nos clients, fournisseurs de services tiers et autres partenaires, sachez qu\u2019il existe un risque r\u00e9siduel dans toute transmission de donn\u00e9es par voie \u00e9lectronique. En d\u00e9pit de tous nos efforts, aucune mesure de s\u00e9curit\u00e9 n\u2019est infaillible ou imp\u00e9n\u00e9trable et aucune m\u00e9thode de transmission de donn\u00e9es ne peut \u00eatre garantie comme \u00e9tant capable d\u2019emp\u00eacher toute interception ou utilisation abusive. Ce risque est inh\u00e9rent \u00e0 toutes les transactions sur Internet.<\/span><\/p>\n\t\t\t\t\t\t\t\t<\/div>\n\t\t\t\t<\/div>\n\t\t\t\t<div class=\"elementor-element elementor-element-f81eed4 elementor-widget elementor-widget-heading\" data-id=\"f81eed4\" data-element_type=\"widget\" data-widget_type=\"heading.default\">\n\t\t\t\t<div class=\"elementor-widget-container\">\n\t\t\t\t\t<h3 class=\"elementor-heading-title elementor-size-default\">Andlauer divulguera-t-elle les renseignements personnels de ses clients?<\/h3>\t\t\t\t<\/div>\n\t\t\t\t<\/div>\n\t\t\t\t<div class=\"elementor-element elementor-element-1ac1114 elementor-widget elementor-widget-text-editor\" data-id=\"1ac1114\" data-element_type=\"widget\" data-widget_type=\"text-editor.default\">\n\t\t\t\t<div class=\"elementor-widget-container\">\n\t\t\t\t\t\t\t\t\t<p class=\"p1\"><span class=\"s1\">Andlauer n\u2019\u00e9changera pas, ne vendra pas et ne louera pas vos renseignements personnels \u00e0 une tierce partie. Nous prot\u00e9geons \u00e9galement vos renseignements personnels en limitant le nombre d\u2019employ\u00e9s qui y ont acc\u00e8s, et qui peuvent les utiliser, aux employ\u00e9s qui en ont besoin pour fournir nos services.<\/span><\/p>\n<p class=\"p1\"><span class=\"s1\">Il arrive parfois que nous soyons contraints par la loi de divulguer certains renseignements \u00e0 des organismes d\u2019application de la loi, des organismes charg\u00e9s de la s\u00e9curit\u00e9 nationale ou d\u2019autres responsables gouvernementaux, comme requis ou autoris\u00e9 par la loi, par exemple, en r\u00e9ponse \u00e0 une ordonnance d\u2019un tribunal ou \u00e0 une demande v\u00e9rifi\u00e9e en rapport avec une enqu\u00eate criminelle ou une activit\u00e9 ill\u00e9gale pr\u00e9sum\u00e9e. Ces renseignements seront communiqu\u00e9s conform\u00e9ment aux lois et r\u00e8glements en vigueur.<\/span><\/p>\n<p class=\"p1\"><span class=\"s1\">Nous pouvons aussi \u00eatre amen\u00e9s \u00e0 partager et \u00e0 transf\u00e9rer des renseignements sur nos clients dans la mesure n\u00e9cessaire pour permettre une vente, une fusion ou une unification de la totalit\u00e9 ou d\u2019une partie de notre entreprise ou pour permettre la titrisation de nos actifs. Dans un tel cas, les parties b\u00e9n\u00e9ficiaires seront contractuellement oblig\u00e9es de tenir les informations confidentielles et de ne les utiliser que dans le cadre de la transaction ou de la transaction propos\u00e9e dont il s\u2019agit.<\/span><\/p>\n\t\t\t\t\t\t\t\t<\/div>\n\t\t\t\t<\/div>\n\t\t\t\t<div class=\"elementor-element elementor-element-579d2f6 elementor-widget elementor-widget-heading\" data-id=\"579d2f6\" data-element_type=\"widget\" data-widget_type=\"heading.default\">\n\t\t\t\t<div class=\"elementor-widget-container\">\n\t\t\t\t\t<h3 class=\"elementor-heading-title elementor-size-default\">Andlauer pourrait-elle changer cette politique?<\/h3>\t\t\t\t<\/div>\n\t\t\t\t<\/div>\n\t\t\t\t<div class=\"elementor-element elementor-element-2cd1a0c elementor-widget elementor-widget-text-editor\" data-id=\"2cd1a0c\" data-element_type=\"widget\" data-widget_type=\"text-editor.default\">\n\t\t\t\t<div class=\"elementor-widget-container\">\n\t\t\t\t\t\t\t\t\t<p class=\"p1\"><span class=\"s1\">Lorsque vous utilisez des fonctions et des services offerts en ligne par Andlauer, vous consentez \u00e0 ce que Andlauer utilise et recueille vos informations client. Si nous modifions notre politique de protection de la vie priv\u00e9e de quelque fa\u00e7on que ce soit, nous vous en informerons en affichant clairement sur notre site Web toute modification susceptible de vous toucher et nous r\u00e9viserons la date de la \u00ab\u2009Derni\u00e8re mise \u00e0 jour\u2009\u00bb qui se trouve tout au d\u00e9but de cette politique.\u00a0<\/span><\/p>\n\t\t\t\t\t\t\t\t<\/div>\n\t\t\t\t<\/div>\n\t\t\t\t<div class=\"elementor-element elementor-element-c32edd7 elementor-widget elementor-widget-heading\" data-id=\"c32edd7\" data-element_type=\"widget\" data-widget_type=\"heading.default\">\n\t\t\t\t<div class=\"elementor-widget-container\">\n\t\t\t\t\t<h3 class=\"elementor-heading-title elementor-size-default\">Google Analytics<\/h3>\t\t\t\t<\/div>\n\t\t\t\t<\/div>\n\t\t\t\t<div class=\"elementor-element elementor-element-00e699d elementor-widget elementor-widget-text-editor\" data-id=\"00e699d\" data-element_type=\"widget\" data-widget_type=\"text-editor.default\">\n\t\t\t\t<div class=\"elementor-widget-container\">\n\t\t\t\t\t\t\t\t\t<p class=\"p1\"><span class=\"s1\">Pour la production de rapports, nous pouvons recueillir des renseignements sur votre ordinateur, y compris votre adresse IP, votre syst\u00e8me d\u2019exploitation et votre navigateur Web. Il s\u2019agit de donn\u00e9es statistiques sur les actions et mod\u00e8les de navigation de nos utilisateurs et elles ne permettent pas d\u2019identifier un individu.<\/p>\n<p>Nous utilisons des t\u00e9moins de session sur notre site Web pour nous permettre d\u2019utiliser Google Analytics. Google Analytics est un outil d\u2019analyse Web qui aide les propri\u00e9taires de sites Web \u00e0 comprendre comment les visiteurs interagissent avec leur site. Les clients de Google Analytics peuvent acc\u00e9der \u00e0 une vari\u00e9t\u00e9 de rapports sur la fa\u00e7on dont les visiteurs interagissent avec leur site Web afin de l\u2019am\u00e9liorer.<\/p>\n<p>Comme beaucoup de services, Google Analytics utilise des t\u00e9moins de session internes pour suivre les interactions des visiteurs, comme dans notre cas, et les utilise pour recueillir des informations sur la fa\u00e7on dont les visiteurs utilisent notre site. Nous utilisons ces informations pour compiler des rapports et pour nous aider \u00e0 am\u00e9liorer notre site.<\/p>\n<p>Les t\u00e9moins de session contiennent des informations qui sont transf\u00e9r\u00e9es sur le disque dur de votre ordinateur. Ces t\u00e9moins de session sont utilis\u00e9s pour stocker des informations comme le moment de la visite, si le visiteur a d\u00e9j\u00e0 visit\u00e9 le site auparavant et le site Web qui a aiguill\u00e9 le visiteur vers la page Web en question.\u00a0<\/span><\/p>\n<p class=\"p1\"><span class=\"s1\">Google Analytics recueille l\u2019information de fa\u00e7on anonyme. Il rend compte de l\u2019\u00e9volution du site sans identifier les visiteurs individuels. Vous pouvez choisir de ne pas permettre \u00e0 Google Analytics de recueillir d\u2019informations \u00e0 votre sujet sans affecter la fa\u00e7on dont vous visitez notre site. Pour plus d\u2019informations \u00e0 ce sujet, veuillez consulter <a href=\"http:\/\/tools.google.com\/dlpage\/gaoptout\">cette page Google<\/a><\/span><span class=\"s3\">.<\/span><\/p>\n\t\t\t\t\t\t\t\t<\/div>\n\t\t\t\t<\/div>\n\t\t\t\t<div class=\"elementor-element elementor-element-cb90d81 elementor-widget elementor-widget-heading\" data-id=\"cb90d81\" data-element_type=\"widget\" data-widget_type=\"heading.default\">\n\t\t\t\t<div class=\"elementor-widget-container\">\n\t\t\t\t\t<h3 class=\"elementor-heading-title elementor-size-default\">Plateformes appartenant \u00e0 des tiers<\/h3>\t\t\t\t<\/div>\n\t\t\t\t<\/div>\n\t\t\t\t<div class=\"elementor-element elementor-element-fb39c06 elementor-widget elementor-widget-text-editor\" data-id=\"fb39c06\" data-element_type=\"widget\" data-widget_type=\"text-editor.default\">\n\t\t\t\t<div class=\"elementor-widget-container\">\n\t\t\t\t\t\t\t\t\t<p class=\"p1\"><span class=\"s1\">Notre site Web peut contenir des liens vers des sites Web tiers. Bien que nous tentions de n\u2019\u00e9tablir des liens que vers des sites qui partagent nos normes \u00e9lev\u00e9es et notre respect de la vie priv\u00e9e, comprenez que nous ne sommes pas responsables du contenu des autres sites ni de leurs pratiques en mati\u00e8re de protection de la vie priv\u00e9e. Nous vous encourageons \u00e0 consulter les politiques de confidentialit\u00e9 de chaque site Web que vous visitez.<\/span><\/p>\n\t\t\t\t\t\t\t\t<\/div>\n\t\t\t\t<\/div>\n\t\t\t\t<div class=\"elementor-element elementor-element-c95a27f elementor-widget elementor-widget-heading\" data-id=\"c95a27f\" data-element_type=\"widget\" data-widget_type=\"heading.default\">\n\t\t\t\t<div class=\"elementor-widget-container\">\n\t\t\t\t\t<h3 class=\"elementor-heading-title elementor-size-default\">Traitement et stockage des informations<\/h3>\t\t\t\t<\/div>\n\t\t\t\t<\/div>\n\t\t\t\t<div class=\"elementor-element elementor-element-f80bdd9 elementor-widget elementor-widget-text-editor\" data-id=\"f80bdd9\" data-element_type=\"widget\" data-widget_type=\"text-editor.default\">\n\t\t\t\t<div class=\"elementor-widget-container\">\n\t\t\t\t\t\t\t\t\t<p class=\"p1\"><span class=\"s1\">Vos informations peuvent \u00eatre stock\u00e9es ou trait\u00e9es par Andlauer et nos fournisseurs de services tiers situ\u00e9s en dehors de votre juridiction, y compris aux \u00c9tats-Unis ou dans une autre juridiction situ\u00e9e \u00e0 l\u2019ext\u00e9rieur du Canada. Lorsque cela se produit, vos renseignements pourraient \u00eatre accessibles sans pr\u00e9avis aux tribunaux, aux organismes d\u2019application de la loi et aux organismes charg\u00e9s de la s\u00e9curit\u00e9 nationale de cette jurisdiction.<\/span><\/p>\n\t\t\t\t\t\t\t\t<\/div>\n\t\t\t\t<\/div>\n\t\t\t\t<div class=\"elementor-element elementor-element-de8de1d elementor-widget elementor-widget-heading\" data-id=\"de8de1d\" data-element_type=\"widget\" data-widget_type=\"heading.default\">\n\t\t\t\t<div class=\"elementor-widget-container\">\n\t\t\t\t\t<h3 class=\"elementor-heading-title elementor-size-default\">Andlauer attache une grande importance \u00e0 la protection de la vie priv\u00e9e<\/h3>\t\t\t\t<\/div>\n\t\t\t\t<\/div>\n\t\t\t\t<div class=\"elementor-element elementor-element-4a39fcd elementor-widget elementor-widget-text-editor\" data-id=\"4a39fcd\" data-element_type=\"widget\" data-widget_type=\"text-editor.default\">\n\t\t\t\t<div class=\"elementor-widget-container\">\n\t\t\t\t\t\t\t\t\t<p class=\"p1\"><span class=\"s1\">Si vous avez des questions au sujet de ces enjeux, n\u2019h\u00e9sitez pas \u00e0 communiquer avec notre responsable de la protection de la vie priv\u00e9e : Groupe Sant\u00e9 Andlauer<\/span><span class=\"s1\">, \u00e0 l\u2019attention du responsable de la protection de la vie priv\u00e9e, 100, Vaughan Valley Blvd., Vaughan (ON) L4H 3C5, Canada.<\/span><\/p>\t\t\t\t\t\t\t\t<\/div>\n\t\t\t\t<\/div>\n\t\t\t\t\t<\/div>\n\t\t<\/div>\n\t\t\t\t\t<\/div>\n\t\t<\/section>\n\t\t\t\t<\/div>\n\t\t","protected":false},"excerpt":{"rendered":"<p>Politique de protection de la vie priv\u00e9e Andlauer prot\u00e8ge vos renseignements personnels Derni\u00e8re mise \u00e0 jour : 16 octobre 2019 Notre politique Groupe Sant\u00e9 Andlauer (\u00ab\u2009Andlauer\u2009\u00bb, \u00ab\u2009nous\u2009\u00bb, ou \u00ab\u2009nos\/notre\u2009\u00bb) s\u2019engage \u00e0 prot\u00e9ger la confidentialit\u00e9 et la s\u00e9curit\u00e9 de vos renseignements personnels. Andlauer ne recueille g\u00e9n\u00e9ralement pas de renseignements personnels (\u00e0 savoir des enseignements concernant un [&hellip;]<\/p>\n","protected":false},"author":6,"featured_media":0,"parent":0,"menu_order":0,"comment_status":"closed","ping_status":"open","template":"","meta":{"_acf_changed":false,"inline_featured_image":false,"footnotes":""},"class_list":["post-511","page","type-page","status-publish","hentry"],"acf":[],"yoast_head":"<!-- This site is optimized with the Yoast SEO plugin v26.0 - https:\/\/yoast.com\/wordpress\/plugins\/seo\/ -->\n<title>Politique de protection de la vie priv\u00e9e | Groupe Sant\u00e9 Andlauer<\/title>\n<meta name=\"description\" content=\"Groupe Sant\u00e9 Andlauer s\u2019engage \u00e0 preserver la confidentialit\u00e9 de tous ceux qui visitant son site Internet. Prenez connaissance de l\u2019ensemble de la politique.\" \/>\n<meta name=\"robots\" content=\"index, follow, max-snippet:-1, max-image-preview:large, max-video-preview:-1\" \/>\n<link rel=\"canonical\" href=\"https:\/\/andlauerhealthcare.com\/fr\/privacy-policy\/\" \/>\n<meta property=\"og:locale\" content=\"fr_CA\" \/>\n<meta property=\"og:type\" content=\"article\" \/>\n<meta property=\"og:title\" content=\"Politique de protection de la vie priv\u00e9e | Groupe Sant\u00e9 Andlauer\" \/>\n<meta property=\"og:description\" content=\"Groupe Sant\u00e9 Andlauer s\u2019engage \u00e0 preserver la confidentialit\u00e9 de tous ceux qui visitant son site Internet. Prenez connaissance de l\u2019ensemble de la politique.\" \/>\n<meta property=\"og:url\" content=\"https:\/\/andlauerhealthcare.com\/fr\/privacy-policy\/\" \/>\n<meta property=\"og:site_name\" content=\"Andlauer Healthcare Group\" \/>\n<meta property=\"article:modified_time\" content=\"2019-11-22T16:02:01+00:00\" \/>\n<meta name=\"twitter:card\" content=\"summary_large_image\" \/>\n<meta name=\"twitter:label1\" content=\"Estimation du temps de lecture\" \/>\n\t<meta name=\"twitter:data1\" content=\"7 minutes\" \/>\n<script type=\"application\/ld+json\" class=\"yoast-schema-graph\">{\"@context\":\"https:\/\/schema.org\",\"@graph\":[{\"@type\":\"WebPage\",\"@id\":\"https:\/\/andlauerhealthcare.com\/fr\/privacy-policy\/\",\"url\":\"https:\/\/andlauerhealthcare.com\/fr\/privacy-policy\/\",\"name\":\"Politique de protection de la vie priv\u00e9e | Groupe Sant\u00e9 Andlauer\",\"isPartOf\":{\"@id\":\"https:\/\/andlauerhealthcare.com\/fr\/#website\"},\"datePublished\":\"2019-11-15T20:28:42+00:00\",\"dateModified\":\"2019-11-22T16:02:01+00:00\",\"description\":\"Groupe Sant\u00e9 Andlauer s\u2019engage \u00e0 preserver la confidentialit\u00e9 de tous ceux qui visitant son site Internet. Prenez connaissance de l\u2019ensemble de la politique.\",\"breadcrumb\":{\"@id\":\"https:\/\/andlauerhealthcare.com\/fr\/privacy-policy\/#breadcrumb\"},\"inLanguage\":\"fr-CA\",\"potentialAction\":[{\"@type\":\"ReadAction\",\"target\":[\"https:\/\/andlauerhealthcare.com\/fr\/privacy-policy\/\"]}]},{\"@type\":\"BreadcrumbList\",\"@id\":\"https:\/\/andlauerhealthcare.com\/fr\/privacy-policy\/#breadcrumb\",\"itemListElement\":[{\"@type\":\"ListItem\",\"position\":1,\"name\":\"Home\",\"item\":\"https:\/\/andlauerhealthcare.com\/fr\/\"},{\"@type\":\"ListItem\",\"position\":2,\"name\":\"Politique de protection de la vie priv\u00e9e\"}]},{\"@type\":\"WebSite\",\"@id\":\"https:\/\/andlauerhealthcare.com\/fr\/#website\",\"url\":\"https:\/\/andlauerhealthcare.com\/fr\/\",\"name\":\"Andlauer Healthcare Group\",\"description\":\"Healthcare Group\",\"publisher\":{\"@id\":\"https:\/\/andlauerhealthcare.com\/fr\/#organization\"},\"potentialAction\":[{\"@type\":\"SearchAction\",\"target\":{\"@type\":\"EntryPoint\",\"urlTemplate\":\"https:\/\/andlauerhealthcare.com\/fr\/?s={search_term_string}\"},\"query-input\":{\"@type\":\"PropertyValueSpecification\",\"valueRequired\":true,\"valueName\":\"search_term_string\"}}],\"inLanguage\":\"fr-CA\"},{\"@type\":\"Organization\",\"@id\":\"https:\/\/andlauerhealthcare.com\/fr\/#organization\",\"name\":\"Andlauer Healthcare Group\",\"url\":\"https:\/\/andlauerhealthcare.com\/fr\/\",\"logo\":{\"@type\":\"ImageObject\",\"inLanguage\":\"fr-CA\",\"@id\":\"https:\/\/andlauerhealthcare.com\/fr\/#\/schema\/logo\/image\/\",\"url\":\"https:\/\/andlauerhealthcare.com\/wp-content\/uploads\/2020\/01\/logo.png\",\"contentUrl\":\"https:\/\/andlauerhealthcare.com\/wp-content\/uploads\/2020\/01\/logo.png\",\"width\":278,\"height\":73,\"caption\":\"Andlauer Healthcare Group\"},\"image\":{\"@id\":\"https:\/\/andlauerhealthcare.com\/fr\/#\/schema\/logo\/image\/\"}}]}<\/script>\n<!-- \/ Yoast SEO plugin. -->","yoast_head_json":{"title":"Politique de protection de la vie priv\u00e9e | Groupe Sant\u00e9 Andlauer","description":"Groupe Sant\u00e9 Andlauer s\u2019engage \u00e0 preserver la confidentialit\u00e9 de tous ceux qui visitant son site Internet. Prenez connaissance de l\u2019ensemble de la politique.","robots":{"index":"index","follow":"follow","max-snippet":"max-snippet:-1","max-image-preview":"max-image-preview:large","max-video-preview":"max-video-preview:-1"},"canonical":"https:\/\/andlauerhealthcare.com\/fr\/privacy-policy\/","og_locale":"fr_CA","og_type":"article","og_title":"Politique de protection de la vie priv\u00e9e | Groupe Sant\u00e9 Andlauer","og_description":"Groupe Sant\u00e9 Andlauer s\u2019engage \u00e0 preserver la confidentialit\u00e9 de tous ceux qui visitant son site Internet. Prenez connaissance de l\u2019ensemble de la politique.","og_url":"https:\/\/andlauerhealthcare.com\/fr\/privacy-policy\/","og_site_name":"Andlauer Healthcare Group","article_modified_time":"2019-11-22T16:02:01+00:00","twitter_card":"summary_large_image","twitter_misc":{"Estimation du temps de lecture":"7 minutes"},"schema":{"@context":"https:\/\/schema.org","@graph":[{"@type":"WebPage","@id":"https:\/\/andlauerhealthcare.com\/fr\/privacy-policy\/","url":"https:\/\/andlauerhealthcare.com\/fr\/privacy-policy\/","name":"Politique de protection de la vie priv\u00e9e | Groupe Sant\u00e9 Andlauer","isPartOf":{"@id":"https:\/\/andlauerhealthcare.com\/fr\/#website"},"datePublished":"2019-11-15T20:28:42+00:00","dateModified":"2019-11-22T16:02:01+00:00","description":"Groupe Sant\u00e9 Andlauer s\u2019engage \u00e0 preserver la confidentialit\u00e9 de tous ceux qui visitant son site Internet. Prenez connaissance de l\u2019ensemble de la politique.","breadcrumb":{"@id":"https:\/\/andlauerhealthcare.com\/fr\/privacy-policy\/#breadcrumb"},"inLanguage":"fr-CA","potentialAction":[{"@type":"ReadAction","target":["https:\/\/andlauerhealthcare.com\/fr\/privacy-policy\/"]}]},{"@type":"BreadcrumbList","@id":"https:\/\/andlauerhealthcare.com\/fr\/privacy-policy\/#breadcrumb","itemListElement":[{"@type":"ListItem","position":1,"name":"Home","item":"https:\/\/andlauerhealthcare.com\/fr\/"},{"@type":"ListItem","position":2,"name":"Politique de protection de la vie priv\u00e9e"}]},{"@type":"WebSite","@id":"https:\/\/andlauerhealthcare.com\/fr\/#website","url":"https:\/\/andlauerhealthcare.com\/fr\/","name":"Andlauer Healthcare Group","description":"Healthcare Group","publisher":{"@id":"https:\/\/andlauerhealthcare.com\/fr\/#organization"},"potentialAction":[{"@type":"SearchAction","target":{"@type":"EntryPoint","urlTemplate":"https:\/\/andlauerhealthcare.com\/fr\/?s={search_term_string}"},"query-input":{"@type":"PropertyValueSpecification","valueRequired":true,"valueName":"search_term_string"}}],"inLanguage":"fr-CA"},{"@type":"Organization","@id":"https:\/\/andlauerhealthcare.com\/fr\/#organization","name":"Andlauer Healthcare Group","url":"https:\/\/andlauerhealthcare.com\/fr\/","logo":{"@type":"ImageObject","inLanguage":"fr-CA","@id":"https:\/\/andlauerhealthcare.com\/fr\/#\/schema\/logo\/image\/","url":"https:\/\/andlauerhealthcare.com\/wp-content\/uploads\/2020\/01\/logo.png","contentUrl":"https:\/\/andlauerhealthcare.com\/wp-content\/uploads\/2020\/01\/logo.png","width":278,"height":73,"caption":"Andlauer Healthcare Group"},"image":{"@id":"https:\/\/andlauerhealthcare.com\/fr\/#\/schema\/logo\/image\/"}}]}},"_links":{"self":[{"href":"https:\/\/andlauerhealthcare.com\/fr\/wp-json\/wp\/v2\/pages\/511","targetHints":{"allow":["GET"]}}],"collection":[{"href":"https:\/\/andlauerhealthcare.com\/fr\/wp-json\/wp\/v2\/pages"}],"about":[{"href":"https:\/\/andlauerhealthcare.com\/fr\/wp-json\/wp\/v2\/types\/page"}],"author":[{"embeddable":true,"href":"https:\/\/andlauerhealthcare.com\/fr\/wp-json\/wp\/v2\/users\/6"}],"replies":[{"embeddable":true,"href":"https:\/\/andlauerhealthcare.com\/fr\/wp-json\/wp\/v2\/comments?post=511"}],"version-history":[{"count":0,"href":"https:\/\/andlauerhealthcare.com\/fr\/wp-json\/wp\/v2\/pages\/511\/revisions"}],"wp:attachment":[{"href":"https:\/\/andlauerhealthcare.com\/fr\/wp-json\/wp\/v2\/media?parent=511"}],"curies":[{"name":"wp","href":"https:\/\/api.w.org\/{rel}","templated":true}]}}